{"id":15271,"date":"2018-04-21T15:31:32","date_gmt":"2018-04-21T15:31:32","guid":{"rendered":"http:\/\/casa-interior.com\/catalogo-de-cocinas-clasicas\/"},"modified":"2018-12-15T10:42:09","modified_gmt":"2018-12-15T09:42:09","slug":"catalogo-de-cocinas-clasicas","status":"publish","type":"page","link":"https:\/\/casa-interior.com\/es\/catalogo-de-cocinas-clasicas\/","title":{"rendered":"Cat\u00e1logo de Cocinas Cl\u00e1sicas"},"content":{"rendered":"<p><div class=\"fusion-fullwidth fullwidth-box fusion-builder-row-1 hundred-percent-fullwidth non-hundred-percent-height-scrolling\" style=\"--awb-border-radius-top-left:0px;--awb-border-radius-top-right:0px;--awb-border-radius-bottom-right:0px;--awb-border-radius-bottom-left:0px;--awb-background-color:#f6f6f6;--awb-flex-wrap:wrap;\" ><div class=\"fusion-builder-row fusion-row\"><div class=\"fusion-layout-column fusion_builder_column fusion-builder-column-0 fusion_builder_column_1_1 1_1 fusion-one-full fusion-column-first fusion-column-last fusion-column-no-min-height\" style=\"--awb-padding-top:30px;--awb-bg-size:cover;\"><div class=\"fusion-column-wrapper fusion-flex-column-wrapper-legacy\"><div class=\"fusion-title title fusion-title-1 sep-underline sep-solid fusion-title-center fusion-title-text fusion-title-size-two\" style=\"--awb-margin-top-small:0px;--awb-margin-right-small:0px;--awb-margin-bottom-small:20px;--awb-margin-left-small:0px;\"><h2 class=\"fusion-title-heading title-heading-center fusion-responsive-typography-calculated\" style=\"margin:0;--fontSize:60;line-height:1.17;\">Cocinas Cl\u00e1sicas<\/h2><\/div><div class=\"fusion-clearfix\"><\/div><\/div><\/div><\/div><\/div><div class=\"fusion-fullwidth fullwidth-box fusion-builder-row-2 nonhundred-percent-fullwidth non-hundred-percent-height-scrolling\" style=\"--awb-background-position:top left;--awb-border-color:#e5e4e4;--awb-border-radius-top-left:0px;--awb-border-radius-top-right:0px;--awb-border-radius-bottom-right:0px;--awb-border-radius-bottom-left:0px;--awb-padding-top:50px;--awb-padding-bottom:25px;--awb-background-color:#ffffff;--awb-border-sizes-top:0px;--awb-border-sizes-bottom:0px;--awb-flex-wrap:wrap;\" ><div class=\"fusion-builder-row fusion-row\"><div class=\"fusion-layout-column fusion_builder_column fusion-builder-column-1 fusion_builder_column_1_1 1_1 fusion-one-full fusion-column-first fusion-column-last fusion-column-no-min-height\" style=\"--awb-bg-size:cover;\"><div class=\"fusion-column-wrapper fusion-flex-column-wrapper-legacy\"><style type=\"text\/css\">.fusion-portfolio-wrapper#fusion-portfolio-1 .fusion-portfolio-content{  text-align: left; }<\/style><div class=\"fusion-recent-works fusion-portfolio-element fusion-portfolio fusion-portfolio-1 fusion-portfolio-grid fusion-portfolio-paging-infinite fusion-portfolio-two fusion-portfolio-unboxed fusion-portfolio-text fusion-portfolio-rollover\" data-id=\"-rw-1\" data-columns=\"two\"><style type=\"text\/css\">.fusion-portfolio-1 .fusion-portfolio-wrapper .fusion-col-spacing{padding:15px;}<\/style><div class=\"fusion-portfolio-wrapper\" id=\"fusion-portfolio-1\" data-picturesize=\"auto\" data-pages=\"2\" style=\"margin:-15px;\"><article id=\"portfolio-1-post-15109\" class=\"fusion-portfolio-post kuchentime-cocinas-clasicas sylt-es fusion-col-spacing post-15109\"><div class=\"fusion-portfolio-content-wrapper\" style=\"border:none;\"><span class=\"vcard rich-snippet-hidden\"><span class=\"fn\"><a href=\"https:\/\/casa-interior.com\/es\/author\/niribas\/\" title=\"Entradas de niribas\" rel=\"author\">niribas<\/a><\/span><\/span><span class=\"updated rich-snippet-hidden\">2021-10-17T22:16:48+02:00<\/span><div  class=\"fusion-image-wrapper\" aria-haspopup=\"true\">\n\t\t\t\t<img decoding=\"async\" width=\"1600\" height=\"1200\" src=\"https:\/\/casa-interior.com\/wp-content\/uploads\/2018\/03\/Kuchentime-Sylt-847-3-1-1.jpg\" class=\"attachment-full size-full wp-post-image\" alt=\"K\u00fcchentime Sylt 847\" srcset=\"https:\/\/casa-interior.com\/wp-content\/uploads\/2018\/03\/Kuchentime-Sylt-847-3-1-1-200x150.jpg 200w, https:\/\/casa-interior.com\/wp-content\/uploads\/2018\/03\/Kuchentime-Sylt-847-3-1-1-400x300.jpg 400w, https:\/\/casa-interior.com\/wp-content\/uploads\/2018\/03\/Kuchentime-Sylt-847-3-1-1-600x450.jpg 600w, https:\/\/casa-interior.com\/wp-content\/uploads\/2018\/03\/Kuchentime-Sylt-847-3-1-1-800x600.jpg 800w, https:\/\/casa-interior.com\/wp-content\/uploads\/2018\/03\/Kuchentime-Sylt-847-3-1-1-1200x900.jpg 1200w, https:\/\/casa-interior.com\/wp-content\/uploads\/2018\/03\/Kuchentime-Sylt-847-3-1-1.jpg 1600w\" sizes=\"(min-width: 2200px) 100vw, (min-width: 712px) 570px, (min-width: 640px) 712px, \" \/><div class=\"fusion-rollover\">\n\t<div class=\"fusion-rollover-content\">\n\n\t\t\t\t\t\t\t\t\t\t\t\t\t\t<a class=\"fusion-rollover-link\" href=\"https:\/\/casa-interior.com\/es\/portfolio-items\/kuchentime-sylt-847\/?portfolioCats=714%2C716\">K\u00fcchentime Sylt 847<\/a>\n\t\t\t\n\t\t\t\t\t\t\t\t\n\t\t\n\t\t\t\t\t\t\t\t\n\t\t\t\t\t\t\t\t\n\t\t\n\t\t\t\t\t\t<a class=\"fusion-link-wrapper\" href=\"https:\/\/casa-interior.com\/es\/portfolio-items\/kuchentime-sylt-847\/?portfolioCats=714%2C716\" aria-label=\"K\u00fcchentime Sylt 847\"><\/a>\n\t<\/div>\n<\/div>\n<\/div>\n<div class=\"fusion-portfolio-content\"><h2 class=\"entry-title fusion-post-title\"><a href=\"https:\/\/casa-interior.com\/es\/portfolio-items\/kuchentime-sylt-847\/?portfolioCats=714%2C716\">K\u00fcchentime Sylt 847<\/a><\/h2><div class=\"fusion-post-content\"><p> K\u00fcchentime  SYLT 847   Pasi\u00f3n por las cosas bellas El contorno cl\u00e1sico de los frentes en laca mate de alta calidad confiere a la cocina una elegancia sencilla. El tirador de barandilla  [...]<\/p><\/div><\/div><\/div><\/article><article id=\"portfolio-1-post-18637\" class=\"fusion-portfolio-post cascada-es kuchentime-cocinas-clasicas fusion-col-spacing post-18637\"><div class=\"fusion-portfolio-content-wrapper\" style=\"border:none;\"><span class=\"vcard rich-snippet-hidden\"><span class=\"fn\"><a href=\"https:\/\/casa-interior.com\/es\/author\/niribas\/\" title=\"Entradas de niribas\" rel=\"author\">niribas<\/a><\/span><\/span><span class=\"updated rich-snippet-hidden\">2021-10-17T21:58:25+02:00<\/span><div  class=\"fusion-image-wrapper\" aria-haspopup=\"true\">\n\t\t\t\t<img decoding=\"async\" width=\"1600\" height=\"1200\" src=\"https:\/\/casa-interior.com\/wp-content\/uploads\/2019\/04\/Kuchentime-Cascada-772-2-1-1.jpg\" class=\"attachment-full size-full wp-post-image\" alt=\"K\u00fcchentime Cascada 772\" srcset=\"https:\/\/casa-interior.com\/wp-content\/uploads\/2019\/04\/Kuchentime-Cascada-772-2-1-1-200x150.jpg 200w, https:\/\/casa-interior.com\/wp-content\/uploads\/2019\/04\/Kuchentime-Cascada-772-2-1-1-400x300.jpg 400w, https:\/\/casa-interior.com\/wp-content\/uploads\/2019\/04\/Kuchentime-Cascada-772-2-1-1-600x450.jpg 600w, https:\/\/casa-interior.com\/wp-content\/uploads\/2019\/04\/Kuchentime-Cascada-772-2-1-1-800x600.jpg 800w, https:\/\/casa-interior.com\/wp-content\/uploads\/2019\/04\/Kuchentime-Cascada-772-2-1-1-1200x900.jpg 1200w, https:\/\/casa-interior.com\/wp-content\/uploads\/2019\/04\/Kuchentime-Cascada-772-2-1-1.jpg 1600w\" sizes=\"(min-width: 2200px) 100vw, (min-width: 712px) 570px, (min-width: 640px) 712px, \" \/><div class=\"fusion-rollover\">\n\t<div class=\"fusion-rollover-content\">\n\n\t\t\t\t\t\t\t\t\t\t\t\t\t\t<a class=\"fusion-rollover-link\" href=\"https:\/\/casa-interior.com\/es\/portfolio-items\/kuchentime-cascada-772-2\/?portfolioCats=714%2C716\">K\u00fcchentime Cascada 772<\/a>\n\t\t\t\n\t\t\t\t\t\t\t\t\n\t\t\n\t\t\t\t\t\t\t\t\n\t\t\t\t\t\t\t\t\n\t\t\n\t\t\t\t\t\t<a class=\"fusion-link-wrapper\" href=\"https:\/\/casa-interior.com\/es\/portfolio-items\/kuchentime-cascada-772-2\/?portfolioCats=714%2C716\" aria-label=\"K\u00fcchentime Cascada 772\"><\/a>\n\t<\/div>\n<\/div>\n<\/div>\n<div class=\"fusion-portfolio-content\"><h2 class=\"entry-title fusion-post-title\"><a href=\"https:\/\/casa-interior.com\/es\/portfolio-items\/kuchentime-cascada-772-2\/?portfolioCats=714%2C716\">K\u00fcchentime Cascada 772<\/a><\/h2><div class=\"fusion-post-content\"><p> K\u00fcchentime  CASCADA 772   Afici\u00f3n a los detalles bien logrados El desenfadado arreglo de esta cocina de estilo r\u00fastico cautiva la atenci\u00f3n del espectador gracias a esos detalles que caracterizan una cocina  [...]<\/p><\/div><\/div><\/div><\/article><article id=\"portfolio-1-post-15121\" class=\"fusion-portfolio-post kuchentime-cocinas-clasicas sylt-es fusion-col-spacing post-15121\"><div class=\"fusion-portfolio-content-wrapper\" style=\"border:none;\"><span class=\"vcard rich-snippet-hidden\"><span class=\"fn\"><a href=\"https:\/\/casa-interior.com\/es\/author\/niribas\/\" title=\"Entradas de niribas\" rel=\"author\">niribas<\/a><\/span><\/span><span class=\"updated rich-snippet-hidden\">2021-10-17T22:18:25+02:00<\/span><div  class=\"fusion-image-wrapper\" aria-haspopup=\"true\">\n\t\t\t\t<img decoding=\"async\" width=\"1600\" height=\"1200\" src=\"https:\/\/casa-interior.com\/wp-content\/uploads\/2018\/03\/Kuchentime-Sylt-849-2-1-1.jpg\" class=\"attachment-full size-full wp-post-image\" alt=\"K\u00fcchentime Sylt 849\" srcset=\"https:\/\/casa-interior.com\/wp-content\/uploads\/2018\/03\/Kuchentime-Sylt-849-2-1-1-200x150.jpg 200w, https:\/\/casa-interior.com\/wp-content\/uploads\/2018\/03\/Kuchentime-Sylt-849-2-1-1-400x300.jpg 400w, https:\/\/casa-interior.com\/wp-content\/uploads\/2018\/03\/Kuchentime-Sylt-849-2-1-1-600x450.jpg 600w, https:\/\/casa-interior.com\/wp-content\/uploads\/2018\/03\/Kuchentime-Sylt-849-2-1-1-800x600.jpg 800w, https:\/\/casa-interior.com\/wp-content\/uploads\/2018\/03\/Kuchentime-Sylt-849-2-1-1-1200x900.jpg 1200w, https:\/\/casa-interior.com\/wp-content\/uploads\/2018\/03\/Kuchentime-Sylt-849-2-1-1.jpg 1600w\" sizes=\"(min-width: 2200px) 100vw, (min-width: 712px) 570px, (min-width: 640px) 712px, \" \/><div class=\"fusion-rollover\">\n\t<div class=\"fusion-rollover-content\">\n\n\t\t\t\t\t\t\t\t\t\t\t\t\t\t<a class=\"fusion-rollover-link\" href=\"https:\/\/casa-interior.com\/es\/portfolio-items\/kuchentime-sylt-849\/?portfolioCats=714%2C716\">K\u00fcchentime Sylt 849<\/a>\n\t\t\t\n\t\t\t\t\t\t\t\t\n\t\t\n\t\t\t\t\t\t\t\t\n\t\t\t\t\t\t\t\t\n\t\t\n\t\t\t\t\t\t<a class=\"fusion-link-wrapper\" href=\"https:\/\/casa-interior.com\/es\/portfolio-items\/kuchentime-sylt-849\/?portfolioCats=714%2C716\" aria-label=\"K\u00fcchentime Sylt 849\"><\/a>\n\t<\/div>\n<\/div>\n<\/div>\n<div class=\"fusion-portfolio-content\"><h2 class=\"entry-title fusion-post-title\"><a href=\"https:\/\/casa-interior.com\/es\/portfolio-items\/kuchentime-sylt-849\/?portfolioCats=714%2C716\">K\u00fcchentime Sylt 849<\/a><\/h2><div class=\"fusion-post-content\"><p> K\u00fcchentime  SYLT 849   \u00a1Encantador estilo r\u00fastico! Las cocinas r\u00fasticas con frentes de laca tienen una aura natural elegante. El color magnolia confiere al espacio entero un toque alegre y soleado. Un  [...]<\/p><\/div><\/div><\/div><\/article><article id=\"portfolio-1-post-27157\" class=\"fusion-portfolio-post kuchentime-cocinas-clasicas nordic-es fusion-col-spacing post-27157\"><div class=\"fusion-portfolio-content-wrapper\" style=\"border:none;\"><span class=\"vcard rich-snippet-hidden\"><span class=\"fn\"><a href=\"https:\/\/casa-interior.com\/es\/author\/niribas\/\" title=\"Entradas de niribas\" rel=\"author\">niribas<\/a><\/span><\/span><span class=\"updated rich-snippet-hidden\">2021-10-17T22:14:00+02:00<\/span><div  class=\"fusion-image-wrapper\" aria-haspopup=\"true\">\n\t\t\t\t<img decoding=\"async\" width=\"1600\" height=\"1200\" src=\"https:\/\/casa-interior.com\/wp-content\/uploads\/2021\/10\/Kuchentime-Nordic-786-1-1.jpg\" class=\"attachment-full size-full wp-post-image\" alt=\"K\u00fcchentime Nordic 786\" srcset=\"https:\/\/casa-interior.com\/wp-content\/uploads\/2021\/10\/Kuchentime-Nordic-786-1-1-200x150.jpg 200w, https:\/\/casa-interior.com\/wp-content\/uploads\/2021\/10\/Kuchentime-Nordic-786-1-1-400x300.jpg 400w, https:\/\/casa-interior.com\/wp-content\/uploads\/2021\/10\/Kuchentime-Nordic-786-1-1-600x450.jpg 600w, https:\/\/casa-interior.com\/wp-content\/uploads\/2021\/10\/Kuchentime-Nordic-786-1-1-800x600.jpg 800w, https:\/\/casa-interior.com\/wp-content\/uploads\/2021\/10\/Kuchentime-Nordic-786-1-1-1200x900.jpg 1200w, https:\/\/casa-interior.com\/wp-content\/uploads\/2021\/10\/Kuchentime-Nordic-786-1-1.jpg 1600w\" sizes=\"(min-width: 2200px) 100vw, (min-width: 712px) 570px, (min-width: 640px) 712px, \" \/><div class=\"fusion-rollover\">\n\t<div class=\"fusion-rollover-content\">\n\n\t\t\t\t\t\t\t\t\t\t\t\t\t\t<a class=\"fusion-rollover-link\" href=\"https:\/\/casa-interior.com\/es\/portfolio-items\/kuchentime-nordic-782-2\/?portfolioCats=714%2C716\">K\u00fcchentime Nordic 786<\/a>\n\t\t\t\n\t\t\t\t\t\t\t\t\n\t\t\n\t\t\t\t\t\t\t\t\n\t\t\t\t\t\t\t\t\n\t\t\n\t\t\t\t\t\t<a class=\"fusion-link-wrapper\" href=\"https:\/\/casa-interior.com\/es\/portfolio-items\/kuchentime-nordic-782-2\/?portfolioCats=714%2C716\" aria-label=\"K\u00fcchentime Nordic 786\"><\/a>\n\t<\/div>\n<\/div>\n<\/div>\n<div class=\"fusion-portfolio-content\"><h2 class=\"entry-title fusion-post-title\"><a href=\"https:\/\/casa-interior.com\/es\/portfolio-items\/kuchentime-nordic-782-2\/?portfolioCats=714%2C716\">K\u00fcchentime Nordic 786<\/a><\/h2><div class=\"fusion-post-content\"><p> K\u00fcchentime NORDIC 786  PURA COMODIDAD Ampliamos nuestro popular NORDIC con el color gris pizarra. Adem\u00e1s, NORDIC recibe un entorno de estilo r\u00fastico completo de regletas de cornisa y pilastras as\u00ed como una nueva  [...]<\/p><\/div><\/div><\/div><\/article><article id=\"portfolio-1-post-15025\" class=\"fusion-portfolio-post kuchentime-cocinas-clasicas line-n-es stoneart-es fusion-col-spacing post-15025\"><div class=\"fusion-portfolio-content-wrapper\" style=\"border:none;\"><span class=\"vcard rich-snippet-hidden\"><span class=\"fn\"><a href=\"https:\/\/casa-interior.com\/es\/author\/niribas\/\" title=\"Entradas de niribas\" rel=\"author\">niribas<\/a><\/span><\/span><span class=\"updated rich-snippet-hidden\">2021-10-17T21:18:34+02:00<\/span><div  class=\"fusion-image-wrapper\" aria-haspopup=\"true\">\n\t\t\t\t<img decoding=\"async\" width=\"1600\" height=\"1200\" src=\"https:\/\/casa-interior.com\/wp-content\/uploads\/2018\/03\/Kuchentime-StoneArt-303-4-1.jpg\" class=\"attachment-full size-full wp-post-image\" alt=\"K\u00fcchentime StoneArt 303\" srcset=\"https:\/\/casa-interior.com\/wp-content\/uploads\/2018\/03\/Kuchentime-StoneArt-303-4-1-200x150.jpg 200w, https:\/\/casa-interior.com\/wp-content\/uploads\/2018\/03\/Kuchentime-StoneArt-303-4-1-400x300.jpg 400w, https:\/\/casa-interior.com\/wp-content\/uploads\/2018\/03\/Kuchentime-StoneArt-303-4-1-600x450.jpg 600w, https:\/\/casa-interior.com\/wp-content\/uploads\/2018\/03\/Kuchentime-StoneArt-303-4-1-800x600.jpg 800w, https:\/\/casa-interior.com\/wp-content\/uploads\/2018\/03\/Kuchentime-StoneArt-303-4-1-1200x900.jpg 1200w, https:\/\/casa-interior.com\/wp-content\/uploads\/2018\/03\/Kuchentime-StoneArt-303-4-1.jpg 1600w\" sizes=\"(min-width: 2200px) 100vw, (min-width: 712px) 570px, (min-width: 640px) 712px, \" \/><div class=\"fusion-rollover\">\n\t<div class=\"fusion-rollover-content\">\n\n\t\t\t\t\t\t\t\t\t\t\t\t\t\t<a class=\"fusion-rollover-link\" href=\"https:\/\/casa-interior.com\/es\/portfolio-items\/kuchentime-stoneart-303\/?portfolioCats=714%2C716\">K\u00fcchentime StoneArt 303<\/a>\n\t\t\t\n\t\t\t\t\t\t\t\t\n\t\t\n\t\t\t\t\t\t\t\t\n\t\t\t\t\t\t\t\t\n\t\t\n\t\t\t\t\t\t<a class=\"fusion-link-wrapper\" href=\"https:\/\/casa-interior.com\/es\/portfolio-items\/kuchentime-stoneart-303\/?portfolioCats=714%2C716\" aria-label=\"K\u00fcchentime StoneArt 303\"><\/a>\n\t<\/div>\n<\/div>\n<\/div>\n<div class=\"fusion-portfolio-content\"><h2 class=\"entry-title fusion-post-title\"><a href=\"https:\/\/casa-interior.com\/es\/portfolio-items\/kuchentime-stoneart-303\/?portfolioCats=714%2C716\">K\u00fcchentime StoneArt 303<\/a><\/h2><div class=\"fusion-post-content\"><p> K\u00fcchentime  STONEART 303  Arquitectura clara en pizarra El nuevo programa StoneArt en acabado de laminado completa la tendencia a decoraciones de piedra de gran tama\u00f1o. Gracias a su superficie especial tridimensional es  [...]<\/p><\/div><\/div><\/div><\/article><article id=\"portfolio-1-post-16561\" class=\"fusion-portfolio-post arredo3-cocinas-clasicas fusion-col-spacing post-16561\"><div class=\"fusion-portfolio-content-wrapper\" style=\"border:none;\"><span class=\"vcard rich-snippet-hidden\"><span class=\"fn\"><a href=\"https:\/\/casa-interior.com\/es\/author\/niribas\/\" title=\"Entradas de niribas\" rel=\"author\">niribas<\/a><\/span><\/span><span class=\"updated rich-snippet-hidden\">2025-02-22T17:38:52+01:00<\/span><div  class=\"fusion-image-wrapper\" aria-haspopup=\"true\">\n\t\t\t\t<img decoding=\"async\" width=\"1600\" height=\"1200\" src=\"https:\/\/casa-interior.com\/wp-content\/uploads\/2025\/02\/Arredo3-Gioiosa-01-01-1.jpeg\" class=\"attachment-full size-full wp-post-image\" alt=\"\" srcset=\"https:\/\/casa-interior.com\/wp-content\/uploads\/2025\/02\/Arredo3-Gioiosa-01-01-1-200x150.jpeg 200w, https:\/\/casa-interior.com\/wp-content\/uploads\/2025\/02\/Arredo3-Gioiosa-01-01-1-400x300.jpeg 400w, https:\/\/casa-interior.com\/wp-content\/uploads\/2025\/02\/Arredo3-Gioiosa-01-01-1-600x450.jpeg 600w, https:\/\/casa-interior.com\/wp-content\/uploads\/2025\/02\/Arredo3-Gioiosa-01-01-1-800x600.jpeg 800w, https:\/\/casa-interior.com\/wp-content\/uploads\/2025\/02\/Arredo3-Gioiosa-01-01-1-1200x900.jpeg 1200w, https:\/\/casa-interior.com\/wp-content\/uploads\/2025\/02\/Arredo3-Gioiosa-01-01-1.jpeg 1600w\" sizes=\"(min-width: 2200px) 100vw, (min-width: 712px) 570px, (min-width: 640px) 712px, \" \/><div class=\"fusion-rollover\">\n\t<div class=\"fusion-rollover-content\">\n\n\t\t\t\t\t\t\t\t\t\t\t\t\t\t<a class=\"fusion-rollover-link\" href=\"https:\/\/casa-interior.com\/es\/portfolio-items\/arredo3-gioiosa\/?portfolioCats=714%2C716\">Arredo3 Gioiosa<\/a>\n\t\t\t\n\t\t\t\t\t\t\t\t\n\t\t\n\t\t\t\t\t\t\t\t\n\t\t\t\t\t\t\t\t\n\t\t\n\t\t\t\t\t\t<a class=\"fusion-link-wrapper\" href=\"https:\/\/casa-interior.com\/es\/portfolio-items\/arredo3-gioiosa\/?portfolioCats=714%2C716\" aria-label=\"Arredo3 Gioiosa\"><\/a>\n\t<\/div>\n<\/div>\n<\/div>\n<div class=\"fusion-portfolio-content\"><h2 class=\"entry-title fusion-post-title\"><a href=\"https:\/\/casa-interior.com\/es\/portfolio-items\/arredo3-gioiosa\/?portfolioCats=714%2C716\">Arredo3 Gioiosa<\/a><\/h2><div class=\"fusion-post-content\"><p>     Arredo3  GIOIOSA  Cl\u00e1sica y alegre con opciones pr\u00e1cticas y un toque de color. Se trata de una cocina de estilo tradicional apta para la vida moderna con todos  [...]<\/p><\/div><\/div><\/div><\/article><\/div><div class=\"fusion-infinite-scroll-trigger\"><\/div><div class=\"pagination infinite-scroll clearfix\" style=\"display:none;\"><span class=\"current\">1<\/span><a href=\"https:\/\/casa-interior.com\/es\/wp-json\/wp\/v2\/pages\/15271\/page\/2\/\" class=\"inactive\">2<\/a><a class=\"pagination-next\" rel=\"next\" href=\"https:\/\/casa-interior.com\/es\/wp-json\/wp\/v2\/pages\/15271\/page\/2\/\"><span class=\"page-text\">Siguiente<\/span><span class=\"page-next\"><\/span><\/a><\/div><div class=\"fusion-clearfix\"><\/div><\/div><div class=\"fusion-clearfix\"><\/div><\/div><\/div><\/div><\/div><\/p>\n","protected":false},"excerpt":{"rendered":"","protected":false},"author":1,"featured_media":0,"parent":0,"menu_order":0,"comment_status":"open","ping_status":"closed","template":"","meta":{"footnotes":""},"class_list":["post-15271","page","type-page","status-publish","hentry"],"yoast_head":"<!-- This site is optimized with the Yoast SEO plugin v27.3 - https:\/\/yoast.com\/product\/yoast-seo-wordpress\/ -->\n<title>Casa Interior - Cat\u00e1logo - Cocinas Cl\u00e1sicas de Casa Interior<\/title>\n<meta name=\"robots\" content=\"index, follow, max-snippet:-1, max-image-preview:large, max-video-preview:-1\" \/>\n<link rel=\"canonical\" href=\"https:\/\/casa-interior.com\/es\/catalogo-de-cocinas-clasicas\/\" \/>\n<meta property=\"og:locale\" content=\"es_ES\" \/>\n<meta property=\"og:type\" content=\"article\" \/>\n<meta property=\"og:title\" content=\"Casa Interior - Cat\u00e1logo - Cocinas Cl\u00e1sicas de Casa Interior\" \/>\n<meta property=\"og:url\" content=\"https:\/\/casa-interior.com\/es\/catalogo-de-cocinas-clasicas\/\" \/>\n<meta property=\"og:site_name\" content=\"Casa Interior\" \/>\n<meta property=\"article:publisher\" content=\"https:\/\/www.facebook.com\/kitchens.costa.blanca\/\" \/>\n<meta property=\"article:modified_time\" content=\"2018-12-15T09:42:09+00:00\" \/>\n<meta name=\"twitter:card\" content=\"summary_large_image\" \/>\n<meta name=\"twitter:label1\" content=\"Tiempo de lectura\" \/>\n\t<meta name=\"twitter:data1\" content=\"2 minutos\" \/>\n<script type=\"application\/ld+json\" class=\"yoast-schema-graph\">{\"@context\":\"https:\\\/\\\/schema.org\",\"@graph\":[{\"@type\":\"WebPage\",\"@id\":\"https:\\\/\\\/casa-interior.com\\\/es\\\/catalogo-de-cocinas-clasicas\\\/\",\"url\":\"https:\\\/\\\/casa-interior.com\\\/es\\\/catalogo-de-cocinas-clasicas\\\/\",\"name\":\"Casa Interior - Cat\u00e1logo - Cocinas Cl\u00e1sicas de Casa Interior\",\"isPartOf\":{\"@id\":\"https:\\\/\\\/casa-interior.com\\\/es\\\/#website\"},\"datePublished\":\"2018-04-21T15:31:32+00:00\",\"dateModified\":\"2018-12-15T09:42:09+00:00\",\"breadcrumb\":{\"@id\":\"https:\\\/\\\/casa-interior.com\\\/es\\\/catalogo-de-cocinas-clasicas\\\/#breadcrumb\"},\"inLanguage\":\"es\",\"potentialAction\":[{\"@type\":\"ReadAction\",\"target\":[\"https:\\\/\\\/casa-interior.com\\\/es\\\/catalogo-de-cocinas-clasicas\\\/\"]}]},{\"@type\":\"BreadcrumbList\",\"@id\":\"https:\\\/\\\/casa-interior.com\\\/es\\\/catalogo-de-cocinas-clasicas\\\/#breadcrumb\",\"itemListElement\":[{\"@type\":\"ListItem\",\"position\":1,\"name\":\"Portada\",\"item\":\"https:\\\/\\\/casa-interior.com\\\/es\\\/casa-interior\\\/\"},{\"@type\":\"ListItem\",\"position\":2,\"name\":\"Cat\u00e1logo de Cocinas Cl\u00e1sicas\"}]},{\"@type\":\"WebSite\",\"@id\":\"https:\\\/\\\/casa-interior.com\\\/es\\\/#website\",\"url\":\"https:\\\/\\\/casa-interior.com\\\/es\\\/\",\"name\":\"Casa Interior\",\"description\":\"Kitchen Designers in Costa Blanca\",\"publisher\":{\"@id\":\"https:\\\/\\\/casa-interior.com\\\/es\\\/#organization\"},\"potentialAction\":[{\"@type\":\"SearchAction\",\"target\":{\"@type\":\"EntryPoint\",\"urlTemplate\":\"https:\\\/\\\/casa-interior.com\\\/es\\\/?s={search_term_string}\"},\"query-input\":{\"@type\":\"PropertyValueSpecification\",\"valueRequired\":true,\"valueName\":\"search_term_string\"}}],\"inLanguage\":\"es\"},{\"@type\":\"Organization\",\"@id\":\"https:\\\/\\\/casa-interior.com\\\/es\\\/#organization\",\"name\":\"Casa Interior\",\"url\":\"https:\\\/\\\/casa-interior.com\\\/es\\\/\",\"logo\":{\"@type\":\"ImageObject\",\"inLanguage\":\"es\",\"@id\":\"https:\\\/\\\/casa-interior.com\\\/es\\\/#\\\/schema\\\/logo\\\/image\\\/\",\"url\":\"https:\\\/\\\/casa-interior.com\\\/wp-content\\\/uploads\\\/2018\\\/03\\\/Logo-Casa-Interior-nuevo-150px.png\",\"contentUrl\":\"https:\\\/\\\/casa-interior.com\\\/wp-content\\\/uploads\\\/2018\\\/03\\\/Logo-Casa-Interior-nuevo-150px.png\",\"width\":150,\"height\":150,\"caption\":\"Casa Interior\"},\"image\":{\"@id\":\"https:\\\/\\\/casa-interior.com\\\/es\\\/#\\\/schema\\\/logo\\\/image\\\/\"},\"sameAs\":[\"https:\\\/\\\/www.facebook.com\\\/kitchens.costa.blanca\\\/\",\"https:\\\/\\\/www.instagram.com\\\/casainterioraltea\"]}]}<\/script>\n<!-- \/ Yoast SEO plugin. -->","yoast_head_json":{"title":"Casa Interior - Cat\u00e1logo - Cocinas Cl\u00e1sicas de Casa Interior","robots":{"index":"index","follow":"follow","max-snippet":"max-snippet:-1","max-image-preview":"max-image-preview:large","max-video-preview":"max-video-preview:-1"},"canonical":"https:\/\/casa-interior.com\/es\/catalogo-de-cocinas-clasicas\/","og_locale":"es_ES","og_type":"article","og_title":"Casa Interior - Cat\u00e1logo - Cocinas Cl\u00e1sicas de Casa Interior","og_url":"https:\/\/casa-interior.com\/es\/catalogo-de-cocinas-clasicas\/","og_site_name":"Casa Interior","article_publisher":"https:\/\/www.facebook.com\/kitchens.costa.blanca\/","article_modified_time":"2018-12-15T09:42:09+00:00","twitter_card":"summary_large_image","twitter_misc":{"Tiempo de lectura":"2 minutos"},"schema":{"@context":"https:\/\/schema.org","@graph":[{"@type":"WebPage","@id":"https:\/\/casa-interior.com\/es\/catalogo-de-cocinas-clasicas\/","url":"https:\/\/casa-interior.com\/es\/catalogo-de-cocinas-clasicas\/","name":"Casa Interior - Cat\u00e1logo - Cocinas Cl\u00e1sicas de Casa Interior","isPartOf":{"@id":"https:\/\/casa-interior.com\/es\/#website"},"datePublished":"2018-04-21T15:31:32+00:00","dateModified":"2018-12-15T09:42:09+00:00","breadcrumb":{"@id":"https:\/\/casa-interior.com\/es\/catalogo-de-cocinas-clasicas\/#breadcrumb"},"inLanguage":"es","potentialAction":[{"@type":"ReadAction","target":["https:\/\/casa-interior.com\/es\/catalogo-de-cocinas-clasicas\/"]}]},{"@type":"BreadcrumbList","@id":"https:\/\/casa-interior.com\/es\/catalogo-de-cocinas-clasicas\/#breadcrumb","itemListElement":[{"@type":"ListItem","position":1,"name":"Portada","item":"https:\/\/casa-interior.com\/es\/casa-interior\/"},{"@type":"ListItem","position":2,"name":"Cat\u00e1logo de Cocinas Cl\u00e1sicas"}]},{"@type":"WebSite","@id":"https:\/\/casa-interior.com\/es\/#website","url":"https:\/\/casa-interior.com\/es\/","name":"Casa Interior","description":"Kitchen Designers in Costa Blanca","publisher":{"@id":"https:\/\/casa-interior.com\/es\/#organization"},"potentialAction":[{"@type":"SearchAction","target":{"@type":"EntryPoint","urlTemplate":"https:\/\/casa-interior.com\/es\/?s={search_term_string}"},"query-input":{"@type":"PropertyValueSpecification","valueRequired":true,"valueName":"search_term_string"}}],"inLanguage":"es"},{"@type":"Organization","@id":"https:\/\/casa-interior.com\/es\/#organization","name":"Casa Interior","url":"https:\/\/casa-interior.com\/es\/","logo":{"@type":"ImageObject","inLanguage":"es","@id":"https:\/\/casa-interior.com\/es\/#\/schema\/logo\/image\/","url":"https:\/\/casa-interior.com\/wp-content\/uploads\/2018\/03\/Logo-Casa-Interior-nuevo-150px.png","contentUrl":"https:\/\/casa-interior.com\/wp-content\/uploads\/2018\/03\/Logo-Casa-Interior-nuevo-150px.png","width":150,"height":150,"caption":"Casa Interior"},"image":{"@id":"https:\/\/casa-interior.com\/es\/#\/schema\/logo\/image\/"},"sameAs":["https:\/\/www.facebook.com\/kitchens.costa.blanca\/","https:\/\/www.instagram.com\/casainterioraltea"]}]}},"_links":{"self":[{"href":"https:\/\/casa-interior.com\/es\/wp-json\/wp\/v2\/pages\/15271","targetHints":{"allow":["GET"]}}],"collection":[{"href":"https:\/\/casa-interior.com\/es\/wp-json\/wp\/v2\/pages"}],"about":[{"href":"https:\/\/casa-interior.com\/es\/wp-json\/wp\/v2\/types\/page"}],"author":[{"embeddable":true,"href":"https:\/\/casa-interior.com\/es\/wp-json\/wp\/v2\/users\/1"}],"replies":[{"embeddable":true,"href":"https:\/\/casa-interior.com\/es\/wp-json\/wp\/v2\/comments?post=15271"}],"version-history":[{"count":0,"href":"https:\/\/casa-interior.com\/es\/wp-json\/wp\/v2\/pages\/15271\/revisions"}],"wp:attachment":[{"href":"https:\/\/casa-interior.com\/es\/wp-json\/wp\/v2\/media?parent=15271"}],"curies":[{"name":"wp","href":"https:\/\/api.w.org\/{rel}","templated":true}]}}